{"id":1047,"date":"2024-10-07T21:29:35","date_gmt":"2024-10-08T00:29:35","guid":{"rendered":"https:\/\/dev.asbmarketing.com.br\/eduardo\/?page_id=1047"},"modified":"2024-10-29T11:37:51","modified_gmt":"2024-10-29T14:37:51","slug":"fogonadura_es","status":"publish","type":"page","link":"https:\/\/dev.asbmarketing.com.br\/eduardo\/es\/fogonadura_es\/","title":{"rendered":"Fogonadura_es"},"content":{"rendered":"\t\t<div data-elementor-type=\"wp-page\" data-elementor-id=\"1047\" class=\"elementor elementor-1047\" data-elementor-post-type=\"page\">\n\t\t\t\t<div class=\"elementor-element elementor-element-17829e45 e-flex e-con-boxed e-con e-parent\" data-id=\"17829e45\" data-element_type=\"container\" data-e-type=\"container\" data-settings=\"{&quot;background_background&quot;:&quot;classic&quot;}\">\n\t\t\t\t\t<div class=\"e-con-inner\">\n\t\t\t\t<div class=\"elementor-element elementor-element-843369d elementor-widget elementor-widget-heading\" data-id=\"843369d\" data-element_type=\"widget\" data-e-type=\"widget\" data-widget_type=\"heading.default\">\n\t\t\t\t<div class=\"elementor-widget-container\">\n\t\t\t\t\t<h2 class=\"elementor-heading-title elementor-size-default\">Fogonadura<\/h2>\t\t\t\t<\/div>\n\t\t\t\t<\/div>\n\t\t\t\t\t<\/div>\n\t\t\t\t<\/div>\n\t\t<div class=\"elementor-element elementor-element-3abd25b3 e-flex e-con-boxed e-con e-parent\" data-id=\"3abd25b3\" data-element_type=\"container\" data-e-type=\"container\" data-settings=\"{&quot;background_background&quot;:&quot;classic&quot;}\">\n\t\t\t\t\t<div class=\"e-con-inner\">\n\t\t<div class=\"elementor-element elementor-element-11786959 e-con-full e-flex e-con e-child\" data-id=\"11786959\" data-element_type=\"container\" data-e-type=\"container\">\n\t\t\t\t<div class=\"elementor-element elementor-element-44a9ae78 elementor-widget elementor-widget-heading\" data-id=\"44a9ae78\" data-element_type=\"widget\" data-e-type=\"widget\" data-widget_type=\"heading.default\">\n\t\t\t\t<div class=\"elementor-widget-container\">\n\t\t\t\t\t<h3 class=\"elementor-heading-title elementor-size-default\">Conoce a nuestros socios<\/h3>\t\t\t\t<\/div>\n\t\t\t\t<\/div>\n\t\t\t\t<div class=\"elementor-element elementor-element-21b31f5f elementor-skin-carousel elementor-arrows-yes elementor-widget elementor-widget-media-carousel\" data-id=\"21b31f5f\" data-element_type=\"widget\" data-e-type=\"widget\" data-settings=\"{&quot;slides_per_view&quot;:&quot;4&quot;,&quot;space_between_mobile&quot;:{&quot;unit&quot;:&quot;px&quot;,&quot;size&quot;:&quot;&quot;,&quot;sizes&quot;:[]},&quot;skin&quot;:&quot;carousel&quot;,&quot;effect&quot;:&quot;slide&quot;,&quot;show_arrows&quot;:&quot;yes&quot;,&quot;speed&quot;:500,&quot;autoplay&quot;:&quot;yes&quot;,&quot;autoplay_speed&quot;:5000,&quot;loop&quot;:&quot;yes&quot;,&quot;pause_on_hover&quot;:&quot;yes&quot;,&quot;pause_on_interaction&quot;:&quot;yes&quot;,&quot;space_between&quot;:{&quot;unit&quot;:&quot;px&quot;,&quot;size&quot;:10,&quot;sizes&quot;:[]},&quot;space_between_tablet&quot;:{&quot;unit&quot;:&quot;px&quot;,&quot;size&quot;:10,&quot;sizes&quot;:[]}}\" data-widget_type=\"media-carousel.default\">\n\t\t\t\t<div class=\"elementor-widget-container\">\n\t\t\t\t\t\t\t\t\t<div class=\"elementor-swiper\">\n\t\t\t\t\t<div class=\"elementor-main-swiper swiper\" role=\"region\" aria-roledescription=\"carousel\" aria-label=\"Diapositivas\">\n\t\t\t\t<div class=\"swiper-wrapper\">\n\t\t\t\t\t\t\t\t\t\t\t<div class=\"swiper-slide\" role=\"group\" aria-roledescription=\"slide\">\n\t\t\t\t\t\t\t\t\t<div class=\"elementor-carousel-image\" role=\"img\" aria-label=\"sap_ASB\" style=\"background-image: url(&#039;https:\/\/dev.asbmarketing.com.br\/eduardo\/wp-content\/uploads\/2024\/09\/sap_logo-2.png&#039;)\">\n\n\t\t\t\n\t\t\t\t\t<\/div>\n\t\t\t\t\t\t\t\t<\/div>\n\t\t\t\t\t\t\t\t\t\t\t<div class=\"swiper-slide\" role=\"group\" aria-roledescription=\"slide\">\n\t\t\t\t\t\t\t\t\t<div class=\"elementor-carousel-image\" role=\"img\" aria-label=\"ASANA_ASB\" style=\"background-image: url(&#039;https:\/\/dev.asbmarketing.com.br\/eduardo\/wp-content\/uploads\/2024\/09\/pngegg-e1728811995380.png&#039;)\">\n\n\t\t\t\n\t\t\t\t\t<\/div>\n\t\t\t\t\t\t\t\t<\/div>\n\t\t\t\t\t\t\t\t\t\t\t<div class=\"swiper-slide\" role=\"group\" aria-roledescription=\"slide\">\n\t\t\t\t\t\t\t\t\t<div class=\"elementor-carousel-image\" role=\"img\" aria-label=\"IBM_ASB\" style=\"background-image: url(&#039;https:\/\/dev.asbmarketing.com.br\/eduardo\/wp-content\/uploads\/2024\/09\/pngwing.com_-e1728812060189.png&#039;)\">\n\n\t\t\t\n\t\t\t\t\t<\/div>\n\t\t\t\t\t\t\t\t<\/div>\n\t\t\t\t\t\t\t\t\t\t\t<div class=\"swiper-slide\" role=\"group\" aria-roledescription=\"slide\">\n\t\t\t\t\t\t\t\t\t<div class=\"elementor-carousel-image\" role=\"img\" aria-label=\"aws_ASB\" style=\"background-image: url(&#039;https:\/\/dev.asbmarketing.com.br\/eduardo\/wp-content\/uploads\/2024\/09\/aws-e1728812113296.png&#039;)\">\n\n\t\t\t\n\t\t\t\t\t<\/div>\n\t\t\t\t\t\t\t\t<\/div>\n\t\t\t\t\t\t\t\t\t<\/div>\n\t\t\t\t\t\t\t\t\t\t\t\t\t\t\t<div class=\"elementor-swiper-button elementor-swiper-button-prev\" role=\"button\" tabindex=\"0\" aria-label=\"Anterior\">\n\t\t\t\t\t\t\t<svg aria-hidden=\"true\" class=\"e-font-icon-svg e-eicon-chevron-left\" viewBox=\"0 0 1000 1000\" xmlns=\"http:\/\/www.w3.org\/2000\/svg\"><path d=\"M646 125C629 125 613 133 604 142L308 442C296 454 292 471 292 487 292 504 296 521 308 533L604 854C617 867 629 875 646 875 663 875 679 871 692 858 704 846 713 829 713 812 713 796 708 779 692 767L438 487 692 225C700 217 708 204 708 187 708 171 704 154 692 142 675 129 663 125 646 125Z\"><\/path><\/svg>\t\t\t\t\t\t<\/div>\n\t\t\t\t\t\t<div class=\"elementor-swiper-button elementor-swiper-button-next\" role=\"button\" tabindex=\"0\" aria-label=\"Siguiente\">\n\t\t\t\t\t\t\t<svg aria-hidden=\"true\" class=\"e-font-icon-svg e-eicon-chevron-right\" viewBox=\"0 0 1000 1000\" xmlns=\"http:\/\/www.w3.org\/2000\/svg\"><path d=\"M696 533C708 521 713 504 713 487 713 471 708 454 696 446L400 146C388 133 375 125 354 125 338 125 325 129 313 142 300 154 292 171 292 187 292 204 296 221 308 233L563 492 304 771C292 783 288 800 288 817 288 833 296 850 308 863 321 871 338 875 354 875 371 875 388 867 400 854L696 533Z\"><\/path><\/svg>\t\t\t\t\t\t<\/div>\n\t\t\t\t\t\t\t\t\t\t\t\t\t\t\t\t\t<\/div>\n\t\t\t\t<\/div>\n\t\t\t\t\t\t\t\t<\/div>\n\t\t\t\t<\/div>\n\t\t\t\t<\/div>\n\t\t\t\t\t<\/div>\n\t\t\t\t<\/div>\n\t\t<div class=\"elementor-element elementor-element-1f32559a e-flex e-con-boxed e-con e-parent\" data-id=\"1f32559a\" data-element_type=\"container\" data-e-type=\"container\" data-settings=\"{&quot;background_background&quot;:&quot;gradient&quot;}\">\n\t\t\t\t\t<div class=\"e-con-inner\">\n\t\t<div class=\"elementor-element elementor-element-506ceb4d e-con-full e-flex e-con e-child\" data-id=\"506ceb4d\" data-element_type=\"container\" data-e-type=\"container\">\n\t\t<div class=\"elementor-element elementor-element-25b30fa6 e-con-full e-flex e-con e-child\" data-id=\"25b30fa6\" data-element_type=\"container\" data-e-type=\"container\">\n\t\t\t\t<div class=\"elementor-element elementor-element-3147c3db elementor-widget elementor-widget-heading\" data-id=\"3147c3db\" data-element_type=\"widget\" data-e-type=\"widget\" data-widget_type=\"heading.default\">\n\t\t\t\t<div class=\"elementor-widget-container\">\n\t\t\t\t\t<h3 class=\"elementor-heading-title elementor-size-default\">Alianzas globales, resultados locales<\/h3>\t\t\t\t<\/div>\n\t\t\t\t<\/div>\n\t\t\t\t<div class=\"elementor-element elementor-element-959250e elementor-widget elementor-widget-text-editor\" data-id=\"959250e\" data-element_type=\"widget\" data-e-type=\"widget\" data-widget_type=\"text-editor.default\">\n\t\t\t\t<div class=\"elementor-widget-container\">\n\t\t\t\t\t\t\t\t\tImplementar la metodolog\u00eda ASB Marketing transforma la complejidad de la gesti\u00f3n global en una ventaja competitiva, asegurando un crecimiento sostenible y escalable en todos los mercados donde opera su empresa.\t\t\t\t\t\t\t\t<\/div>\n\t\t\t\t<\/div>\n\t\t\t\t<\/div>\n\t\t<div class=\"elementor-element elementor-element-3d82a996 e-con-full e-flex e-con e-child\" data-id=\"3d82a996\" data-element_type=\"container\" data-e-type=\"container\">\n\t\t\t\t<div class=\"elementor-element elementor-element-6ec6d53f elementor-widget elementor-widget-button\" data-id=\"6ec6d53f\" data-element_type=\"widget\" data-e-type=\"widget\" data-widget_type=\"button.default\">\n\t\t\t\t<div class=\"elementor-widget-container\">\n\t\t\t\t\t\t\t\t\t<div class=\"elementor-button-wrapper\">\n\t\t\t\t\t<a class=\"elementor-button elementor-button-link elementor-size-sm elementor-animation-pulse\" href=\"https:\/\/asbmarketing.com.br\/#agenda\">\n\t\t\t\t\t\t<span class=\"elementor-button-content-wrapper\">\n\t\t\t\t\t\t\t\t\t<span class=\"elementor-button-text\">Descubra c\u00f3mo podemos ayudar<\/span>\n\t\t\t\t\t<\/span>\n\t\t\t\t\t<\/a>\n\t\t\t\t<\/div>\n\t\t\t\t\t\t\t\t<\/div>\n\t\t\t\t<\/div>\n\t\t\t\t<\/div>\n\t\t\t\t<\/div>\n\t\t\t\t\t<\/div>\n\t\t\t\t<\/div>\n\t\t\t\t<\/div>\n\t\t","protected":false},"excerpt":{"rendered":"<p>Fogonadura Conoce a nuestros socios Anterior Pr\u00f3ximo Alianzas globales, resultados locales Implementar la metodolog\u00eda ASB Marketing transforma la complejidad de la gesti\u00f3n global en una ventaja competitiva, asegurando un crecimiento sostenible y escalable en todos los mercados donde opera su empresa. Descubra c\u00f3mo podemos ayudar<\/p>\n","protected":false},"author":1,"featured_media":0,"parent":0,"menu_order":0,"comment_status":"closed","ping_status":"closed","template":"","meta":{"footnotes":""},"class_list":["post-1047","page","type-page","status-publish","hentry"],"yoast_head":"<!-- This site is optimized with the Yoast SEO plugin v27.4 - https:\/\/yoast.com\/product\/yoast-seo-wordpress\/ -->\n<title>Fogonadura_es - ASB Marketing<\/title>\n<meta name=\"robots\" content=\"index, follow, max-snippet:-1, max-image-preview:large, max-video-preview:-1\" \/>\n<link rel=\"canonical\" href=\"https:\/\/dev.asbmarketing.com.br\/eduardo\/es\/fogonadura_es\/\" \/>\n<meta property=\"og:locale\" content=\"pt_BR\" \/>\n<meta property=\"og:type\" content=\"article\" \/>\n<meta property=\"og:title\" content=\"Fogonadura_es - ASB Marketing\" \/>\n<meta property=\"og:description\" content=\"Fogonadura Conoce a nuestros socios Anterior Pr\u00f3ximo Alianzas globales, resultados locales Implementar la metodolog\u00eda ASB Marketing transforma la complejidad de la gesti\u00f3n global en una ventaja competitiva, asegurando un crecimiento sostenible y escalable en todos los mercados donde opera su empresa. Descubra c\u00f3mo podemos ayudar\" \/>\n<meta property=\"og:url\" content=\"https:\/\/dev.asbmarketing.com.br\/eduardo\/es\/fogonadura_es\/\" \/>\n<meta property=\"og:site_name\" content=\"ASB Marketing\" \/>\n<meta property=\"article:modified_time\" content=\"2024-10-29T14:37:51+00:00\" \/>\n<meta name=\"twitter:card\" content=\"summary_large_image\" \/>\n<meta name=\"twitter:label1\" content=\"Est. tempo de leitura\" \/>\n\t<meta name=\"twitter:data1\" content=\"1 minuto\" \/>\n<script type=\"application\/ld+json\" class=\"yoast-schema-graph\">{\"@context\":\"https:\\\/\\\/schema.org\",\"@graph\":[{\"@type\":\"WebPage\",\"@id\":\"https:\\\/\\\/dev.asbmarketing.com.br\\\/eduardo\\\/es\\\/fogonadura_es\\\/\",\"url\":\"https:\\\/\\\/dev.asbmarketing.com.br\\\/eduardo\\\/es\\\/fogonadura_es\\\/\",\"name\":\"Fogonadura_es - ASB Marketing\",\"isPartOf\":{\"@id\":\"https:\\\/\\\/dev.asbmarketing.com.br\\\/eduardo\\\/#website\"},\"datePublished\":\"2024-10-08T00:29:35+00:00\",\"dateModified\":\"2024-10-29T14:37:51+00:00\",\"breadcrumb\":{\"@id\":\"https:\\\/\\\/dev.asbmarketing.com.br\\\/eduardo\\\/es\\\/fogonadura_es\\\/#breadcrumb\"},\"inLanguage\":\"pt-BR\",\"potentialAction\":[{\"@type\":\"ReadAction\",\"target\":[\"https:\\\/\\\/dev.asbmarketing.com.br\\\/eduardo\\\/es\\\/fogonadura_es\\\/\"]}]},{\"@type\":\"BreadcrumbList\",\"@id\":\"https:\\\/\\\/dev.asbmarketing.com.br\\\/eduardo\\\/es\\\/fogonadura_es\\\/#breadcrumb\",\"itemListElement\":[{\"@type\":\"ListItem\",\"position\":1,\"name\":\"In\u00edcio\",\"item\":\"https:\\\/\\\/dev.asbmarketing.com.br\\\/eduardo\\\/\"},{\"@type\":\"ListItem\",\"position\":2,\"name\":\"Fogonadura_es\"}]},{\"@type\":\"WebSite\",\"@id\":\"https:\\\/\\\/dev.asbmarketing.com.br\\\/eduardo\\\/#website\",\"url\":\"https:\\\/\\\/dev.asbmarketing.com.br\\\/eduardo\\\/\",\"name\":\"ASB Marketing\",\"description\":\"\",\"publisher\":{\"@id\":\"https:\\\/\\\/dev.asbmarketing.com.br\\\/eduardo\\\/#organization\"},\"potentialAction\":[{\"@type\":\"SearchAction\",\"target\":{\"@type\":\"EntryPoint\",\"urlTemplate\":\"https:\\\/\\\/dev.asbmarketing.com.br\\\/eduardo\\\/?s={search_term_string}\"},\"query-input\":{\"@type\":\"PropertyValueSpecification\",\"valueRequired\":true,\"valueName\":\"search_term_string\"}}],\"inLanguage\":\"pt-BR\"},{\"@type\":\"Organization\",\"@id\":\"https:\\\/\\\/dev.asbmarketing.com.br\\\/eduardo\\\/#organization\",\"name\":\"ASB Marketing\",\"url\":\"https:\\\/\\\/dev.asbmarketing.com.br\\\/eduardo\\\/\",\"logo\":{\"@type\":\"ImageObject\",\"inLanguage\":\"pt-BR\",\"@id\":\"https:\\\/\\\/dev.asbmarketing.com.br\\\/eduardo\\\/#\\\/schema\\\/logo\\\/image\\\/\",\"url\":\"https:\\\/\\\/dev.asbmarketing.com.br\\\/eduardo\\\/wp-content\\\/uploads\\\/2024\\\/08\\\/logo1-cor.svg\",\"contentUrl\":\"https:\\\/\\\/dev.asbmarketing.com.br\\\/eduardo\\\/wp-content\\\/uploads\\\/2024\\\/08\\\/logo1-cor.svg\",\"width\":120,\"height\":67,\"caption\":\"ASB Marketing\"},\"image\":{\"@id\":\"https:\\\/\\\/dev.asbmarketing.com.br\\\/eduardo\\\/#\\\/schema\\\/logo\\\/image\\\/\"}}]}<\/script>\n<!-- \/ Yoast SEO plugin. -->","yoast_head_json":{"title":"Fogonadura_es - ASB Marketing","robots":{"index":"index","follow":"follow","max-snippet":"max-snippet:-1","max-image-preview":"max-image-preview:large","max-video-preview":"max-video-preview:-1"},"canonical":"https:\/\/dev.asbmarketing.com.br\/eduardo\/es\/fogonadura_es\/","og_locale":"pt_BR","og_type":"article","og_title":"Fogonadura_es - ASB Marketing","og_description":"Fogonadura Conoce a nuestros socios Anterior Pr\u00f3ximo Alianzas globales, resultados locales Implementar la metodolog\u00eda ASB Marketing transforma la complejidad de la gesti\u00f3n global en una ventaja competitiva, asegurando un crecimiento sostenible y escalable en todos los mercados donde opera su empresa. Descubra c\u00f3mo podemos ayudar","og_url":"https:\/\/dev.asbmarketing.com.br\/eduardo\/es\/fogonadura_es\/","og_site_name":"ASB Marketing","article_modified_time":"2024-10-29T14:37:51+00:00","twitter_card":"summary_large_image","twitter_misc":{"Est. tempo de leitura":"1 minuto"},"schema":{"@context":"https:\/\/schema.org","@graph":[{"@type":"WebPage","@id":"https:\/\/dev.asbmarketing.com.br\/eduardo\/es\/fogonadura_es\/","url":"https:\/\/dev.asbmarketing.com.br\/eduardo\/es\/fogonadura_es\/","name":"Fogonadura_es - ASB Marketing","isPartOf":{"@id":"https:\/\/dev.asbmarketing.com.br\/eduardo\/#website"},"datePublished":"2024-10-08T00:29:35+00:00","dateModified":"2024-10-29T14:37:51+00:00","breadcrumb":{"@id":"https:\/\/dev.asbmarketing.com.br\/eduardo\/es\/fogonadura_es\/#breadcrumb"},"inLanguage":"pt-BR","potentialAction":[{"@type":"ReadAction","target":["https:\/\/dev.asbmarketing.com.br\/eduardo\/es\/fogonadura_es\/"]}]},{"@type":"BreadcrumbList","@id":"https:\/\/dev.asbmarketing.com.br\/eduardo\/es\/fogonadura_es\/#breadcrumb","itemListElement":[{"@type":"ListItem","position":1,"name":"In\u00edcio","item":"https:\/\/dev.asbmarketing.com.br\/eduardo\/"},{"@type":"ListItem","position":2,"name":"Fogonadura_es"}]},{"@type":"WebSite","@id":"https:\/\/dev.asbmarketing.com.br\/eduardo\/#website","url":"https:\/\/dev.asbmarketing.com.br\/eduardo\/","name":"ASB Marketing","description":"","publisher":{"@id":"https:\/\/dev.asbmarketing.com.br\/eduardo\/#organization"},"potentialAction":[{"@type":"SearchAction","target":{"@type":"EntryPoint","urlTemplate":"https:\/\/dev.asbmarketing.com.br\/eduardo\/?s={search_term_string}"},"query-input":{"@type":"PropertyValueSpecification","valueRequired":true,"valueName":"search_term_string"}}],"inLanguage":"pt-BR"},{"@type":"Organization","@id":"https:\/\/dev.asbmarketing.com.br\/eduardo\/#organization","name":"ASB Marketing","url":"https:\/\/dev.asbmarketing.com.br\/eduardo\/","logo":{"@type":"ImageObject","inLanguage":"pt-BR","@id":"https:\/\/dev.asbmarketing.com.br\/eduardo\/#\/schema\/logo\/image\/","url":"https:\/\/dev.asbmarketing.com.br\/eduardo\/wp-content\/uploads\/2024\/08\/logo1-cor.svg","contentUrl":"https:\/\/dev.asbmarketing.com.br\/eduardo\/wp-content\/uploads\/2024\/08\/logo1-cor.svg","width":120,"height":67,"caption":"ASB Marketing"},"image":{"@id":"https:\/\/dev.asbmarketing.com.br\/eduardo\/#\/schema\/logo\/image\/"}}]}},"_links":{"self":[{"href":"https:\/\/dev.asbmarketing.com.br\/eduardo\/wp-json\/wp\/v2\/pages\/1047","targetHints":{"allow":["GET"]}}],"collection":[{"href":"https:\/\/dev.asbmarketing.com.br\/eduardo\/wp-json\/wp\/v2\/pages"}],"about":[{"href":"https:\/\/dev.asbmarketing.com.br\/eduardo\/wp-json\/wp\/v2\/types\/page"}],"author":[{"embeddable":true,"href":"https:\/\/dev.asbmarketing.com.br\/eduardo\/wp-json\/wp\/v2\/users\/1"}],"replies":[{"embeddable":true,"href":"https:\/\/dev.asbmarketing.com.br\/eduardo\/wp-json\/wp\/v2\/comments?post=1047"}],"version-history":[{"count":7,"href":"https:\/\/dev.asbmarketing.com.br\/eduardo\/wp-json\/wp\/v2\/pages\/1047\/revisions"}],"predecessor-version":[{"id":1774,"href":"https:\/\/dev.asbmarketing.com.br\/eduardo\/wp-json\/wp\/v2\/pages\/1047\/revisions\/1774"}],"wp:attachment":[{"href":"https:\/\/dev.asbmarketing.com.br\/eduardo\/wp-json\/wp\/v2\/media?parent=1047"}],"curies":[{"name":"wp","href":"https:\/\/api.w.org\/{rel}","templated":true}]}}